{"id":123,"date":"2019-07-17T14:06:57","date_gmt":"2019-07-17T14:06:57","guid":{"rendered":"http:\/\/gb-brunner.de\/?page_id=123"},"modified":"2019-07-24T10:51:34","modified_gmt":"2019-07-24T10:51:34","slug":"ueber-uns","status":"publish","type":"page","link":"https:\/\/www.geruestbau-brunner.de\/?page_id=123","title":{"rendered":"\u00dcber uns"},"content":{"rendered":"\t\t<div data-elementor-type=\"wp-post\" data-elementor-id=\"123\" class=\"elementor elementor-123\">\n\t\t\t\t\t\t<section class=\"elementor-section elementor-top-section elementor-element elementor-element-bb2d3e4 elementor-section-boxed elementor-section-height-default elementor-section-height-default\" data-id=\"bb2d3e4\" data-element_type=\"section\">\n\t\t\t\t\t\t<div class=\"elementor-container elementor-column-gap-default\">\n\t\t\t\t\t<div class=\"elementor-column elementor-col-100 elementor-top-column elementor-element elementor-element-c5a9019\" data-id=\"c5a9019\" data-element_type=\"column\">\n\t\t\t<div class=\"elementor-widget-wrap elementor-element-populated\">\n\t\t\t\t\t\t<div class=\"elementor-element elementor-element-4897c9f elementor-widget elementor-widget-spacer\" data-id=\"4897c9f\" data-element_type=\"widget\" data-widget_type=\"spacer.default\">\n\t\t\t\t<div class=\"elementor-widget-container\">\n\t\t\t\t\t<div class=\"elementor-spacer\">\n\t\t\t<div class=\"elementor-spacer-inner\"><\/div>\n\t\t<\/div>\n\t\t\t\t<\/div>\n\t\t\t\t<\/div>\n\t\t\t\t<div class=\"elementor-element elementor-element-bf42220 elementor-widget elementor-widget-heading\" data-id=\"bf42220\" data-element_type=\"widget\" data-widget_type=\"heading.default\">\n\t\t\t\t<div class=\"elementor-widget-container\">\n\t\t\t<h2 class=\"elementor-heading-title elementor-size-default\">\u00dcber uns<\/h2>\t\t<\/div>\n\t\t\t\t<\/div>\n\t\t\t\t<div class=\"elementor-element elementor-element-6fc2140 elementor-widget elementor-widget-spacer\" data-id=\"6fc2140\" data-element_type=\"widget\" data-widget_type=\"spacer.default\">\n\t\t\t\t<div class=\"elementor-widget-container\">\n\t\t\t\t\t<div class=\"elementor-spacer\">\n\t\t\t<div class=\"elementor-spacer-inner\"><\/div>\n\t\t<\/div>\n\t\t\t\t<\/div>\n\t\t\t\t<\/div>\n\t\t\t\t\t<\/div>\n\t\t<\/div>\n\t\t\t\t\t<\/div>\n\t\t<\/section>\n\t\t\t\t<section class=\"elementor-section elementor-top-section elementor-element elementor-element-1fa89eb elementor-section-boxed elementor-section-height-default elementor-section-height-default\" data-id=\"1fa89eb\" data-element_type=\"section\">\n\t\t\t\t\t\t<div class=\"elementor-container elementor-column-gap-default\">\n\t\t\t\t\t<div class=\"elementor-column elementor-col-100 elementor-top-column elementor-element elementor-element-541b50e\" data-id=\"541b50e\" data-element_type=\"column\">\n\t\t\t<div class=\"elementor-widget-wrap elementor-element-populated\">\n\t\t\t\t\t\t<div class=\"elementor-element elementor-element-0135bd0 elementor-widget elementor-widget-text-editor\" data-id=\"0135bd0\" data-element_type=\"widget\" data-widget_type=\"text-editor.default\">\n\t\t\t\t<div class=\"elementor-widget-container\">\n\t\t\t\t\t\t\t<p><br \/><strong>\u00dcber uns gibt es viel zu berichten, doch hier erstmal die wichtigsten Fakten:<\/strong><\/p><p><strong>Unsere Firma besteht bereits seit 1925 und befindet sich mittlerweile in der dritten Generation.<\/strong><\/p><p><strong>Mit ca. 15.000qm Ger\u00fcstbestand sind wir vergleichsweise eine kleinere Ger\u00fcstbaufirma in M\u00fcnchen und Umland. Dies h\u00e4lt uns aber nicht davon ab, mit Ihnen hoch hinaus zu wachsen.<\/strong><\/p><p><strong>Seien es Arbeitsger\u00fcste, Schutzger\u00fcste oder Sonderkonstruktionen. Mit unserer langj\u00e4hrigen Erfahrung wurde bereits jeder, auch schwierige individuelle Wunsch erf\u00fcllt.<\/strong><\/p><p><strong>Mit qualifiziertem Personal sind wir allen Anforderungen gewachsen.<\/strong><\/p><p><strong> Ob Neubauten, Einfamilienh\u00e4user, Kirchen oder T\u00fcrme, mit unserem Knowhow \u00fcberzeugen wir sie gerne von unserem K\u00f6nnen und unserer Leistungsst\u00e4rke.<\/strong><\/p><p><strong>Gerne \u00fcberzeugen wir Sie auch in einem pers\u00f6nlichen Gespr\u00e4ch und freuen uns auf die Zusammenarbeit mit Ihnen bei interessanten und komplexen Projekten.<\/strong><br \/><br \/><\/p>\t\t\t\t\t\t<\/div>\n\t\t\t\t<\/div>\n\t\t\t\t\t<\/div>\n\t\t<\/div>\n\t\t\t\t\t<\/div>\n\t\t<\/section>\n\t\t\t\t<section class=\"elementor-section elementor-top-section elementor-element elementor-element-60da181 elementor-section-boxed elementor-section-height-default elementor-section-height-default\" data-id=\"60da181\" data-element_type=\"section\">\n\t\t\t\t\t\t<div class=\"elementor-container elementor-column-gap-default\">\n\t\t\t\t\t<div class=\"elementor-column elementor-col-100 elementor-top-column elementor-element elementor-element-ed8479f\" data-id=\"ed8479f\" data-element_type=\"column\">\n\t\t\t<div class=\"elementor-widget-wrap elementor-element-populated\">\n\t\t\t\t\t\t<div class=\"elementor-element elementor-element-5fa4e81 elementor-widget elementor-widget-google_maps\" data-id=\"5fa4e81\" data-element_type=\"widget\" data-widget_type=\"google_maps.default\">\n\t\t\t\t<div class=\"elementor-widget-container\">\n\t\t\t\t\t<div class=\"elementor-custom-embed\">\n\t\t\t<iframe loading=\"lazy\"\n\t\t\t\t\tsrc=\"https:\/\/maps.google.com\/maps?q=Hirnerstra%C3%9Fe%2013a%2085646%20Anzing&#038;t=m&#038;z=14&#038;output=embed&#038;iwloc=near\"\n\t\t\t\t\ttitle=\"Hirnerstra\u00dfe 13a 85646 Anzing\"\n\t\t\t\t\taria-label=\"Hirnerstra\u00dfe 13a 85646 Anzing\"\n\t\t\t><\/iframe>\n\t\t<\/div>\n\t\t\t\t<\/div>\n\t\t\t\t<\/div>\n\t\t\t\t<div class=\"elementor-element elementor-element-9cd6567 elementor-widget elementor-widget-spacer\" data-id=\"9cd6567\" data-element_type=\"widget\" data-widget_type=\"spacer.default\">\n\t\t\t\t<div class=\"elementor-widget-container\">\n\t\t\t\t\t<div class=\"elementor-spacer\">\n\t\t\t<div class=\"elementor-spacer-inner\"><\/div>\n\t\t<\/div>\n\t\t\t\t<\/div>\n\t\t\t\t<\/div>\n\t\t\t\t\t<\/div>\n\t\t<\/div>\n\t\t\t\t\t<\/div>\n\t\t<\/section>\n\t\t\t\t<\/div>\n\t\t","protected":false},"excerpt":{"rendered":"<p>\u00dcber uns \u00dcber uns gibt es viel zu berichten, doch hier erstmal die wichtigsten Fakten: Unsere Firma besteht bereits seit 1925 und befindet sich mittlerweile in der dritten Generation. Mit ca. 15.000qm Ger\u00fcstbestand sind wir vergleichsweise eine kleinere Ger\u00fcstbaufirma in M\u00fcnchen und Umland. Dies h\u00e4lt uns aber nicht davon ab, [&hellip;]<\/p>\n","protected":false},"author":1,"featured_media":0,"parent":0,"menu_order":0,"comment_status":"closed","ping_status":"closed","template":"page-templates\/template-pagebuilder-full-width.php","meta":{"footnotes":""},"_links":{"self":[{"href":"https:\/\/www.geruestbau-brunner.de\/index.php?rest_route=\/wp\/v2\/pages\/123"}],"collection":[{"href":"https:\/\/www.geruestbau-brunner.de\/index.php?rest_route=\/wp\/v2\/pages"}],"about":[{"href":"https:\/\/www.geruestbau-brunner.de\/index.php?rest_route=\/wp\/v2\/types\/page"}],"author":[{"embeddable":true,"href":"https:\/\/www.geruestbau-brunner.de\/index.php?rest_route=\/wp\/v2\/users\/1"}],"replies":[{"embeddable":true,"href":"https:\/\/www.geruestbau-brunner.de\/index.php?rest_route=%2Fwp%2Fv2%2Fcomments&post=123"}],"version-history":[{"count":14,"href":"https:\/\/www.geruestbau-brunner.de\/index.php?rest_route=\/wp\/v2\/pages\/123\/revisions"}],"predecessor-version":[{"id":261,"href":"https:\/\/www.geruestbau-brunner.de\/index.php?rest_route=\/wp\/v2\/pages\/123\/revisions\/261"}],"wp:attachment":[{"href":"https:\/\/www.geruestbau-brunner.de\/index.php?rest_route=%2Fwp%2Fv2%2Fmedia&parent=123"}],"curies":[{"name":"wp","href":"https:\/\/api.w.org\/{rel}","templated":true}]}}